{"id":344,"date":"2018-10-23T11:49:40","date_gmt":"2018-10-23T09:49:40","guid":{"rendered":"https:\/\/christinebendercoaching.com\/?page_id=344"},"modified":"2023-08-10T11:36:46","modified_gmt":"2023-08-10T09:36:46","slug":"home","status":"publish","type":"page","link":"https:\/\/christinebendercoaching.com\/de\/","title":{"rendered":"Home"},"content":{"rendered":"<div class=\"row\">\n<div class=\"col-md-6\">\n<h2>Maximal strahlen<\/h2>\n<h3>das ist mein Ziel f\u00fcr alle meine Kunden<\/h3>\n<p>F\u00fcr Teams oder Individuen, f\u00fcr private oder gesch\u00e4ftliche Themen. Durch mein Coaching trauen Sie sich Dinge, die Sie sich bisher noch nicht getraut haben und zeigen Sie das, was in Ihnen steckt.<\/p>\n<h2>Begeisterung ist ansteckend<\/h2>\n<h3>F\u00fchlen Sie schon das L\u00e4cheln auf Ihrem Gesicht?<\/h3>\n<p>Wie w\u00fcrde es sich anf\u00fchlen, wenn Sie ohne Handbremse durchs Leben gehen oder unternehmen k\u00f6nnten? Gut? Nur wissen Sie nicht wie? Ich helfe Ihnen dabei.<\/p>\n<\/div>\n<div class=\"col-md-6\">\n<h3 style=\"margin: 27px 0 1rem 0;\">Herzlich willkommen, ich bin Christine Bender<\/h3>\n<p>Ich bin Spezialistin f\u00fcr Verhaltens\u00e4nderungen. Endlich Dinge anpacken, umsetzen und durchhalten. Entscheidungen treffen. Tr\u00e4ume wahr machen. Voller Selbstvertrauen zu unternehmen. Nein sagen k\u00f6nnen oder Ja! Konflikte l\u00f6sen. Ihr volles Potential aussch\u00f6pfen. Tun Sie, was Sie schon immer tun wollten. Im Team oder Individuell. Wir r\u00e4umen aus dem Weg, was Sie bremst.<\/p>\n<p>Lassen Sie sich von mir begeistern. Gemeinsam mit mir entfachen wir Ihr Feuer. Mein Ziel? Sie maximal zum Strahlen zu bringen.\u00a0 &#8211; Warten Sie nicht l\u00e4nger. Ich freue mich auf Sie.<\/p>\n<\/div>\n<\/div>\n<p style=\"text-align: center;\"><a class=\"btn btn-outline-primary\" href=\"https:\/\/christinebendercoaching.com\/de\/kontakt\/\">Klicken Sie hier f\u00fcr ein freibleibendes Kennenlerngespr\u00e4ch.<\/a><\/p>\n","protected":false},"excerpt":{"rendered":"<p>Maximal strahlen das ist mein Ziel f\u00fcr alle meine Kunden F\u00fcr Teams oder Individuen, f\u00fcr private oder gesch\u00e4ftliche Themen. Durch mein Coaching trauen Sie sich Dinge, die Sie sich bisher noch nicht getraut haben und zeigen Sie das, was in Ihnen steckt. Begeisterung ist ansteckend F\u00fchlen Sie schon das L\u00e4cheln auf Ihrem Gesicht? Wie w\u00fcrde [&hellip;]<\/p>\n","protected":false},"author":1,"featured_media":0,"parent":0,"menu_order":10,"comment_status":"closed","ping_status":"closed","template":"","meta":{"_acf_changed":false,"footnotes":""},"class_list":["post-344","page","type-page","status-publish","hentry"],"acf":[],"yoast_head":"<!-- This site is optimized with the Yoast SEO plugin v23.9 - https:\/\/yoast.com\/wordpress\/plugins\/seo\/ -->\n<title>Home - Christine Bender<\/title>\n<meta name=\"robots\" content=\"index, follow, max-snippet:-1, max-image-preview:large, max-video-preview:-1\" \/>\n<link rel=\"canonical\" href=\"https:\/\/christinebendercoaching.com\/de\/\" \/>\n<meta property=\"og:locale\" content=\"de_DE\" \/>\n<meta property=\"og:type\" content=\"article\" \/>\n<meta property=\"og:title\" content=\"Home - Christine Bender\" \/>\n<meta property=\"og:description\" content=\"Maximal strahlen das ist mein Ziel f\u00fcr alle meine Kunden F\u00fcr Teams oder Individuen, f\u00fcr private oder gesch\u00e4ftliche Themen. Durch mein Coaching trauen Sie sich Dinge, die Sie sich bisher noch nicht getraut haben und zeigen Sie das, was in Ihnen steckt. Begeisterung ist ansteckend F\u00fchlen Sie schon das L\u00e4cheln auf Ihrem Gesicht? Wie w\u00fcrde [&hellip;]\" \/>\n<meta property=\"og:url\" content=\"https:\/\/christinebendercoaching.com\/de\/\" \/>\n<meta property=\"og:site_name\" content=\"Christine Bender\" \/>\n<meta property=\"article:modified_time\" content=\"2023-08-10T09:36:46+00:00\" \/>\n<meta name=\"twitter:card\" content=\"summary_large_image\" \/>\n<meta name=\"twitter:label1\" content=\"Est. reading time\" \/>\n\t<meta name=\"twitter:data1\" content=\"1 minute\" \/>\n<script type=\"application\/ld+json\" class=\"yoast-schema-graph\">{\"@context\":\"https:\/\/schema.org\",\"@graph\":[{\"@type\":\"WebPage\",\"@id\":\"https:\/\/christinebendercoaching.com\/de\/\",\"url\":\"https:\/\/christinebendercoaching.com\/de\/\",\"name\":\"Home - Christine Bender\",\"isPartOf\":{\"@id\":\"https:\/\/christinebendercoaching.com\/de\/#website\"},\"datePublished\":\"2018-10-23T09:49:40+00:00\",\"dateModified\":\"2023-08-10T09:36:46+00:00\",\"breadcrumb\":{\"@id\":\"https:\/\/christinebendercoaching.com\/de\/#breadcrumb\"},\"inLanguage\":\"de-DE\",\"potentialAction\":[{\"@type\":\"ReadAction\",\"target\":[\"https:\/\/christinebendercoaching.com\/de\/\"]}]},{\"@type\":\"BreadcrumbList\",\"@id\":\"https:\/\/christinebendercoaching.com\/de\/#breadcrumb\",\"itemListElement\":[{\"@type\":\"ListItem\",\"position\":1,\"name\":\"Home\",\"item\":\"https:\/\/christinebendercoaching.com\/de\/\"},{\"@type\":\"ListItem\",\"position\":2,\"name\":\"Home\"}]},{\"@type\":\"WebSite\",\"@id\":\"https:\/\/christinebendercoaching.com\/de\/#website\",\"url\":\"https:\/\/christinebendercoaching.com\/de\/\",\"name\":\"Christine Bender\",\"description\":\"Coach &amp; Public Speaker\",\"potentialAction\":[{\"@type\":\"SearchAction\",\"target\":{\"@type\":\"EntryPoint\",\"urlTemplate\":\"https:\/\/christinebendercoaching.com\/de\/?s={search_term_string}\"},\"query-input\":{\"@type\":\"PropertyValueSpecification\",\"valueRequired\":true,\"valueName\":\"search_term_string\"}}],\"inLanguage\":\"de-DE\"}]}<\/script>\n<!-- \/ Yoast SEO plugin. -->","yoast_head_json":{"title":"Home - Christine Bender","robots":{"index":"index","follow":"follow","max-snippet":"max-snippet:-1","max-image-preview":"max-image-preview:large","max-video-preview":"max-video-preview:-1"},"canonical":"https:\/\/christinebendercoaching.com\/de\/","og_locale":"de_DE","og_type":"article","og_title":"Home - Christine Bender","og_description":"Maximal strahlen das ist mein Ziel f\u00fcr alle meine Kunden F\u00fcr Teams oder Individuen, f\u00fcr private oder gesch\u00e4ftliche Themen. Durch mein Coaching trauen Sie sich Dinge, die Sie sich bisher noch nicht getraut haben und zeigen Sie das, was in Ihnen steckt. Begeisterung ist ansteckend F\u00fchlen Sie schon das L\u00e4cheln auf Ihrem Gesicht? Wie w\u00fcrde [&hellip;]","og_url":"https:\/\/christinebendercoaching.com\/de\/","og_site_name":"Christine Bender","article_modified_time":"2023-08-10T09:36:46+00:00","twitter_card":"summary_large_image","twitter_misc":{"Est. reading time":"1 minute"},"schema":{"@context":"https:\/\/schema.org","@graph":[{"@type":"WebPage","@id":"https:\/\/christinebendercoaching.com\/de\/","url":"https:\/\/christinebendercoaching.com\/de\/","name":"Home - Christine Bender","isPartOf":{"@id":"https:\/\/christinebendercoaching.com\/de\/#website"},"datePublished":"2018-10-23T09:49:40+00:00","dateModified":"2023-08-10T09:36:46+00:00","breadcrumb":{"@id":"https:\/\/christinebendercoaching.com\/de\/#breadcrumb"},"inLanguage":"de-DE","potentialAction":[{"@type":"ReadAction","target":["https:\/\/christinebendercoaching.com\/de\/"]}]},{"@type":"BreadcrumbList","@id":"https:\/\/christinebendercoaching.com\/de\/#breadcrumb","itemListElement":[{"@type":"ListItem","position":1,"name":"Home","item":"https:\/\/christinebendercoaching.com\/de\/"},{"@type":"ListItem","position":2,"name":"Home"}]},{"@type":"WebSite","@id":"https:\/\/christinebendercoaching.com\/de\/#website","url":"https:\/\/christinebendercoaching.com\/de\/","name":"Christine Bender","description":"Coach &amp; Public Speaker","potentialAction":[{"@type":"SearchAction","target":{"@type":"EntryPoint","urlTemplate":"https:\/\/christinebendercoaching.com\/de\/?s={search_term_string}"},"query-input":{"@type":"PropertyValueSpecification","valueRequired":true,"valueName":"search_term_string"}}],"inLanguage":"de-DE"}]}},"_links":{"self":[{"href":"https:\/\/christinebendercoaching.com\/de\/wp-json\/wp\/v2\/pages\/344","targetHints":{"allow":["GET"]}}],"collection":[{"href":"https:\/\/christinebendercoaching.com\/de\/wp-json\/wp\/v2\/pages"}],"about":[{"href":"https:\/\/christinebendercoaching.com\/de\/wp-json\/wp\/v2\/types\/page"}],"author":[{"embeddable":true,"href":"https:\/\/christinebendercoaching.com\/de\/wp-json\/wp\/v2\/users\/1"}],"replies":[{"embeddable":true,"href":"https:\/\/christinebendercoaching.com\/de\/wp-json\/wp\/v2\/comments?post=344"}],"version-history":[{"count":2,"href":"https:\/\/christinebendercoaching.com\/de\/wp-json\/wp\/v2\/pages\/344\/revisions"}],"predecessor-version":[{"id":1206,"href":"https:\/\/christinebendercoaching.com\/de\/wp-json\/wp\/v2\/pages\/344\/revisions\/1206"}],"wp:attachment":[{"href":"https:\/\/christinebendercoaching.com\/de\/wp-json\/wp\/v2\/media?parent=344"}],"curies":[{"name":"wp","href":"https:\/\/api.w.org\/{rel}","templated":true}]}}