{"id":342,"date":"2018-10-23T11:49:09","date_gmt":"2018-10-23T09:49:09","guid":{"rendered":"https:\/\/christinebendercoaching.com\/?page_id=342"},"modified":"2018-11-01T23:08:29","modified_gmt":"2018-11-01T21:08:29","slug":"team-coaching","status":"publish","type":"page","link":"https:\/\/christinebendercoaching.com\/de\/team-coaching\/","title":{"rendered":"Team Coaching"},"content":{"rendered":"<p>Wissen Sie, warum ich so \u00fcberzeugt von einem Teamcoaching bin? Weil wir die Herausforderung Ihres Teams bei der Wurzel packen. Was spielt wirklich in Ihrem Team? Was sind die Stellhebel, sodass es sein Ziel erreicht. Im Prinzip m\u00fcssen Sie zu Beginn eines Teamcoachings nur wissen, was Sie erreichen wollen. Auf dem Weg zur passenden L\u00f6sung f\u00fcr Ihr Team und Ihr Unternehmen begleite ich Sie. Klingt wage? Dann m\u00f6chte ich gerne ein Beispiel nutzen, um es n\u00e4her zu beschreiben:<\/p>\n<p>Das tolle an einem Teamcoaching ist, dass Ihr Team an dem relevanten Thema arbeitet. Keine unn\u00f6tigen Investitionen in Trainings die nicht zum Ziel f\u00fchren, denn wir finden erst gemeinsam heraus, wo der Schuh wirklich dr\u00fcckt und r\u00e4umen dann die echten H\u00fcrden aus dem Weg.<\/p>\n<p>Stellen Sie sich vor, Sie haben ein Kommunikationstraining gebucht, da Ihr Team auf diesem Feld Entwicklungsbedarf hat. W\u00e4hrend des Trainings stellt sich aber heraus, dass nicht die schlechte Kommunikation das Problem ist, sondern eine kollektive Angst, Entscheidungen zu treffen. Was jetzt? Der Trainer wird trotzdem bei seinem Thema bleiben. Doch weiter kommt Ihr Team so nicht wirklich und Ihr Geld ist auch nicht gut eingesetzt.<\/p>\n<p>Mein Ansatz ist ein anderer, gemeinsam erarbeiten wir ein einem Erstgespr\u00e4ch das f\u00fcr Sie und Ihr Team relevante Thema und ein dazu ein passendes Ziel f\u00fcr Ihren Erfolg. Sollten wir w\u00e4hrend des Teamcoachings herausfinden, dass wir das Ziel weiter anpassen m\u00fcssen oder ein neues Thema hervortritt, dass das Team viel mehr besch\u00e4ftigt, dann passe ich meine Vorgehensweise flexibel und direkt an. Ihr Unternehmen und Ihr Team erh\u00e4lt dadurch genau die richtige Entwicklungsma\u00dfnahme. Effizient, zielgerichtet und effektiv.<\/p>\n<p>Das Ergebnis ist nachhaltig und kostenwirksam, darum bin ich als Unternehmer selbst so begeistert vom Coaching. Schlie\u00dflich wollen wir ein sinnvolles Resultat f\u00fcr unsere Investition verbuchen. Wie wertvoll ein neutraler Blick von au\u00dfen ist, um blinde Flecken aufzudecken, best\u00e4tigt auch Albert Einstein: <em>\u201e<\/em><em>Probleme kann man niemals mit derselben Denkweise l\u00f6sen, durch die sie entstanden sind.\u201c<\/em><\/p>\n<p>M\u00f6gliche Herzenzthemen von mir, bei denen ich Teams unterst\u00fctze sind die folgenden. K\u00f6nnen Sie sich und Ihr Team wiederfinden? Oder haben Sie Lust, um Ihr Thema mit mir gemeinsam herauszufinden? Rufen Sie mich an und wir erweiterten Ihren Blick.<\/p>\n","protected":false},"excerpt":{"rendered":"<p>Wissen Sie, warum ich so \u00fcberzeugt von einem Teamcoaching bin? Weil wir die Herausforderung Ihres Teams bei der Wurzel packen. Was spielt wirklich in Ihrem Team? Was sind die Stellhebel, sodass es sein Ziel erreicht. Im Prinzip m\u00fcssen Sie zu Beginn eines Teamcoachings nur wissen, was Sie erreichen wollen. Auf dem Weg zur passenden L\u00f6sung [&hellip;]<\/p>\n","protected":false},"author":1,"featured_media":0,"parent":0,"menu_order":40,"comment_status":"closed","ping_status":"closed","template":"page-audience.php","meta":{"_acf_changed":false,"footnotes":""},"class_list":["post-342","page","type-page","status-publish","hentry"],"acf":[],"yoast_head":"<!-- This site is optimized with the Yoast SEO plugin v23.9 - https:\/\/yoast.com\/wordpress\/plugins\/seo\/ -->\n<title>Team Coaching - Christine Bender<\/title>\n<meta name=\"robots\" content=\"index, follow, max-snippet:-1, max-image-preview:large, max-video-preview:-1\" \/>\n<link rel=\"canonical\" href=\"https:\/\/christinebendercoaching.com\/de\/team-coaching\/\" \/>\n<meta property=\"og:locale\" content=\"de_DE\" \/>\n<meta property=\"og:type\" content=\"article\" \/>\n<meta property=\"og:title\" content=\"Team Coaching - Christine Bender\" \/>\n<meta property=\"og:description\" content=\"Wissen Sie, warum ich so \u00fcberzeugt von einem Teamcoaching bin? Weil wir die Herausforderung Ihres Teams bei der Wurzel packen. Was spielt wirklich in Ihrem Team? Was sind die Stellhebel, sodass es sein Ziel erreicht. Im Prinzip m\u00fcssen Sie zu Beginn eines Teamcoachings nur wissen, was Sie erreichen wollen. Auf dem Weg zur passenden L\u00f6sung [&hellip;]\" \/>\n<meta property=\"og:url\" content=\"https:\/\/christinebendercoaching.com\/de\/team-coaching\/\" \/>\n<meta property=\"og:site_name\" content=\"Christine Bender\" \/>\n<meta property=\"article:modified_time\" content=\"2018-11-01T21:08:29+00:00\" \/>\n<meta name=\"twitter:card\" content=\"summary_large_image\" \/>\n<meta name=\"twitter:label1\" content=\"Est. reading time\" \/>\n\t<meta name=\"twitter:data1\" content=\"2 minutes\" \/>\n<script type=\"application\/ld+json\" class=\"yoast-schema-graph\">{\"@context\":\"https:\/\/schema.org\",\"@graph\":[{\"@type\":\"WebPage\",\"@id\":\"https:\/\/christinebendercoaching.com\/de\/team-coaching\/\",\"url\":\"https:\/\/christinebendercoaching.com\/de\/team-coaching\/\",\"name\":\"Team Coaching - Christine Bender\",\"isPartOf\":{\"@id\":\"https:\/\/christinebendercoaching.com\/de\/#website\"},\"datePublished\":\"2018-10-23T09:49:09+00:00\",\"dateModified\":\"2018-11-01T21:08:29+00:00\",\"breadcrumb\":{\"@id\":\"https:\/\/christinebendercoaching.com\/de\/team-coaching\/#breadcrumb\"},\"inLanguage\":\"de-DE\",\"potentialAction\":[{\"@type\":\"ReadAction\",\"target\":[\"https:\/\/christinebendercoaching.com\/de\/team-coaching\/\"]}]},{\"@type\":\"BreadcrumbList\",\"@id\":\"https:\/\/christinebendercoaching.com\/de\/team-coaching\/#breadcrumb\",\"itemListElement\":[{\"@type\":\"ListItem\",\"position\":1,\"name\":\"Home\",\"item\":\"https:\/\/christinebendercoaching.com\/de\/\"},{\"@type\":\"ListItem\",\"position\":2,\"name\":\"Team Coaching\"}]},{\"@type\":\"WebSite\",\"@id\":\"https:\/\/christinebendercoaching.com\/de\/#website\",\"url\":\"https:\/\/christinebendercoaching.com\/de\/\",\"name\":\"Christine Bender\",\"description\":\"Coach &amp; Public Speaker\",\"potentialAction\":[{\"@type\":\"SearchAction\",\"target\":{\"@type\":\"EntryPoint\",\"urlTemplate\":\"https:\/\/christinebendercoaching.com\/de\/?s={search_term_string}\"},\"query-input\":{\"@type\":\"PropertyValueSpecification\",\"valueRequired\":true,\"valueName\":\"search_term_string\"}}],\"inLanguage\":\"de-DE\"}]}<\/script>\n<!-- \/ Yoast SEO plugin. -->","yoast_head_json":{"title":"Team Coaching - Christine Bender","robots":{"index":"index","follow":"follow","max-snippet":"max-snippet:-1","max-image-preview":"max-image-preview:large","max-video-preview":"max-video-preview:-1"},"canonical":"https:\/\/christinebendercoaching.com\/de\/team-coaching\/","og_locale":"de_DE","og_type":"article","og_title":"Team Coaching - Christine Bender","og_description":"Wissen Sie, warum ich so \u00fcberzeugt von einem Teamcoaching bin? Weil wir die Herausforderung Ihres Teams bei der Wurzel packen. Was spielt wirklich in Ihrem Team? Was sind die Stellhebel, sodass es sein Ziel erreicht. Im Prinzip m\u00fcssen Sie zu Beginn eines Teamcoachings nur wissen, was Sie erreichen wollen. Auf dem Weg zur passenden L\u00f6sung [&hellip;]","og_url":"https:\/\/christinebendercoaching.com\/de\/team-coaching\/","og_site_name":"Christine Bender","article_modified_time":"2018-11-01T21:08:29+00:00","twitter_card":"summary_large_image","twitter_misc":{"Est. reading time":"2 minutes"},"schema":{"@context":"https:\/\/schema.org","@graph":[{"@type":"WebPage","@id":"https:\/\/christinebendercoaching.com\/de\/team-coaching\/","url":"https:\/\/christinebendercoaching.com\/de\/team-coaching\/","name":"Team Coaching - Christine Bender","isPartOf":{"@id":"https:\/\/christinebendercoaching.com\/de\/#website"},"datePublished":"2018-10-23T09:49:09+00:00","dateModified":"2018-11-01T21:08:29+00:00","breadcrumb":{"@id":"https:\/\/christinebendercoaching.com\/de\/team-coaching\/#breadcrumb"},"inLanguage":"de-DE","potentialAction":[{"@type":"ReadAction","target":["https:\/\/christinebendercoaching.com\/de\/team-coaching\/"]}]},{"@type":"BreadcrumbList","@id":"https:\/\/christinebendercoaching.com\/de\/team-coaching\/#breadcrumb","itemListElement":[{"@type":"ListItem","position":1,"name":"Home","item":"https:\/\/christinebendercoaching.com\/de\/"},{"@type":"ListItem","position":2,"name":"Team Coaching"}]},{"@type":"WebSite","@id":"https:\/\/christinebendercoaching.com\/de\/#website","url":"https:\/\/christinebendercoaching.com\/de\/","name":"Christine Bender","description":"Coach &amp; Public Speaker","potentialAction":[{"@type":"SearchAction","target":{"@type":"EntryPoint","urlTemplate":"https:\/\/christinebendercoaching.com\/de\/?s={search_term_string}"},"query-input":{"@type":"PropertyValueSpecification","valueRequired":true,"valueName":"search_term_string"}}],"inLanguage":"de-DE"}]}},"_links":{"self":[{"href":"https:\/\/christinebendercoaching.com\/de\/wp-json\/wp\/v2\/pages\/342","targetHints":{"allow":["GET"]}}],"collection":[{"href":"https:\/\/christinebendercoaching.com\/de\/wp-json\/wp\/v2\/pages"}],"about":[{"href":"https:\/\/christinebendercoaching.com\/de\/wp-json\/wp\/v2\/types\/page"}],"author":[{"embeddable":true,"href":"https:\/\/christinebendercoaching.com\/de\/wp-json\/wp\/v2\/users\/1"}],"replies":[{"embeddable":true,"href":"https:\/\/christinebendercoaching.com\/de\/wp-json\/wp\/v2\/comments?post=342"}],"version-history":[{"count":4,"href":"https:\/\/christinebendercoaching.com\/de\/wp-json\/wp\/v2\/pages\/342\/revisions"}],"predecessor-version":[{"id":790,"href":"https:\/\/christinebendercoaching.com\/de\/wp-json\/wp\/v2\/pages\/342\/revisions\/790"}],"wp:attachment":[{"href":"https:\/\/christinebendercoaching.com\/de\/wp-json\/wp\/v2\/media?parent=342"}],"curies":[{"name":"wp","href":"https:\/\/api.w.org\/{rel}","templated":true}]}}