{"id":169,"date":"2018-10-04T12:08:32","date_gmt":"2018-10-04T10:08:32","guid":{"rendered":"https:\/\/christinebendercoaching.com\/?page_id=169"},"modified":"2018-11-01T23:36:25","modified_gmt":"2018-11-01T21:36:25","slug":"meine-arbeitsweise-und-angebot","status":"publish","type":"page","link":"https:\/\/christinebendercoaching.com\/de\/ueber-mich\/meine-arbeitsweise-und-angebot\/","title":{"rendered":"Meine Arbeitsweise und Angebot"},"content":{"rendered":"<h1>Meine Arbeitsweise<\/h1>\n<p>&nbsp;<\/p>\n<p>Ich stehe f\u00fcr modernes Coaching mit zeitgem\u00e4\u00dfen Methoden und einem besonderen Gesp\u00fcr f\u00fcr neue Anspr\u00fcche an ein Coaching mit h\u00f6chster Kundenorientierung. Coaching bei mir soll herausfordern und gleichzeitig Spa\u00df machen, mit dieser Mischung kommen meine Kunden zum gew\u00fcnschten Ergebnis.<\/p>\n<p>Mein Coaching beschreibe ich anders als die meisten, vielleicht auch etwas ungew\u00f6hnlich, denn f\u00fcr mich bedeutet Coaching Luxus. &#8220;Warum,&#8221; fragen Sie?<\/p>\n<p>Kennen Sie das gute Gef\u00fchl, wenn Ihnen jemand im Gespr\u00e4ch die volle Aufmerksamkeit schenkt? Jemand, der Ihre Bed\u00fcrfnisse als oberste Priorit\u00e4t versteht und Ihre St\u00e4rken erkennt? Jemand, der mit Ihnen gemeinsam &#8211; v\u00f6llig wertfrei, neutral und ohne pers\u00f6nliche Interessen &#8211; Ihre individuellen Ziele definiert Ihnen dabei hilft, diese zu erreichen?<\/p>\n<p>Dieser Jemand bin ich und genau das habe ich mir zum Ziel f\u00fcr jeden Kunden gesetzt. Ich werde meinen Fokus voll auf Sie setzen und Ihre ganz pers\u00f6nliche L\u00f6sung mit Ihnen erarbeiten. Wertsch\u00e4tzung, Vertrauen und Offenheit stehen dabei f\u00fcr mich an oberster Stelle. Mit Professionalit\u00e4t, Leidenschaft und Begeisterung liefere ich h\u00f6chste Qualit\u00e4t an Coaching.<\/p>\n<p>Sie werden mit mir herausfordernde Gespr\u00e4che mit Tiefgang erleben, gemischt mit Verst\u00e4ndnis, Einf\u00fchlungsverm\u00f6gen, Humor und Leichtigkeit. Die Kombination dieser Komponenten f\u00fchrt zu garantiertem Erfolg und einer positiven und nachhaltigen Ver\u00e4nderung. Das umschreibt Luxus f\u00fcr mich. Luxus der gl\u00fccklich macht und Erfolg bringt &#8211; f\u00fcr Ihr Unternehmen oder f\u00fcr Sie als Privatperson.<\/p>\n<p>Ganz wichtig f\u00fcr mich ist, dass Sie bei mir lernen \u201ealleine zu laufen\u201c. Hilfe zur Selbsthilfe geh\u00f6rt zu meinen Prinzipien. Sie lernen und verinnerlichen bei mir Handwerkszeug, das Sie zuk\u00fcnftig eigenst\u00e4ndig und selbstverst\u00e4ndlich anwenden k\u00f6nnen, ohne weitere Unterst\u00fctzung von mir. Somit erhalten Sie echtes Wachstum Ihrer Pers\u00f6nlichkeit und innerhalb Ihres Unternehmens.<\/p>\n<h2>Ablauf &amp; Angebot<\/h2>\n<p>Das Coaching beginnt mit einem Erstgespr\u00e4ch zum Kennenlernen. Hier m\u00f6chte ich gerne erfahren, welches Thema Sie besch\u00e4ftigt und ob bereits Erfahrungen mit Coaching vorliegen. An einem Beispiel m\u00f6chte ich Ihnen zeigen, wie ein Coaching bei mir sein wird. Das Gespr\u00e4ch dient dazu festzustellen, ob wir zueinander passen und Sie sich ein Coaching bei mir vorstellen k\u00f6nnen, ob Sie Vertrauen zu mir haben und sich wohlf\u00fchlen. Dasselbe gilt auch f\u00fcr mich. Wir besprechen zudem die Rahmenbedingungen und Regeln f\u00fcr Ihren Coaching-Prozess.<\/p>\n<p>Bei mir bildet eine Coaching-Sitzung immer eine abgeschlossene, runde Einheit. Mir ist wichtig, dass Ihr Anliegen soweit gel\u00f6st ist, dass Sie mit einem guten und zufriedenen Gef\u00fchl nach Hause gehen. Das kann manchmal in 45 Minuten passieren oder auch bis zu 90 Minuten dauern.<\/p>\n<p>Eine feste, vorgegebene Anzahl von Coaching-Sitzungen gibt es bei mir nicht. Meiner Ansicht nach bringt Coaching einen Menschen immer weiter, auch schon mit einer Einheit kann Ihr Anliegen gel\u00f6st sein. Sie erhalten bei mir schon in der ersten Sitzung so viele wertvolle Impulse, die Sie positiv beeinflussen werden. Sie k\u00f6nnen also selbst entscheiden, was f\u00fcr Sie die geeignete Anzahl an Sitzungen ist und wie viele Einheiten Sie buchen m\u00f6chten. Zwischen den jeweiligen Sitzungen ist ein Abstand von zwei Wochen zu empfehlen, das kann allerdings je nach Thema und Intensit\u00e4t variieren.<\/p>\n<p>Ich favorisiere Coachings, bei denen wir uns physisch an einem gemeinsamen Ort treffen. Telefoncoachings oder die Nutzung von Skype ist ebenfalls m\u00f6glich und bringt denselben Erfolg, sogar ganz andere Dimensionen von Coaching. So ist es f\u00fcr Sie als Kunde auch sehr angenehm, wenn Sie mich zu Hause in Ihrer gewohnten und gesch\u00fctzten Umgebung per Skype empfangen. Probieren Sie einfach aus, was Ihnen am meisten liegt. Nach einem Coaching am Meer k\u00f6nnen wir bei offenen gebliebenen Themen auf diese Weise schnell in Kontakt treten und bei Bedarf ein Anschlusscoaching durchf\u00fchren.<\/p>\n<p>Haben Sie ein eiliges Thema &#8211; dann k\u00f6nnen wir uns auch gerne per Mail oder auch WhatsApp austauschen.<\/p>\n<p>&nbsp;<\/p>\n<p>Sie k\u00f6nnen Ihre Coaching einzeln buchen oder in einem Packet von 5 Sitzungen zu einem Vorteilspreis. Andere Varianten sind auch m\u00f6glich, rufen Sie mich an zur Kl\u00e4rung Ihrer W\u00fcnsche.<\/p>\n<p>&nbsp;<\/p>\n<p>&nbsp;<\/p>\n","protected":false},"excerpt":{"rendered":"<p>Meine Arbeitsweise &nbsp; Ich stehe f\u00fcr modernes Coaching mit zeitgem\u00e4\u00dfen Methoden und einem besonderen Gesp\u00fcr f\u00fcr neue Anspr\u00fcche an ein Coaching mit h\u00f6chster Kundenorientierung. Coaching bei mir soll herausfordern und gleichzeitig Spa\u00df machen, mit dieser Mischung kommen meine Kunden zum gew\u00fcnschten Ergebnis. Mein Coaching beschreibe ich anders als die meisten, vielleicht auch etwas ungew\u00f6hnlich, denn [&hellip;]<\/p>\n","protected":false},"author":1,"featured_media":140,"parent":43,"menu_order":20,"comment_status":"closed","ping_status":"closed","template":"page-about-sibling.php","meta":{"_acf_changed":false,"footnotes":""},"class_list":["post-169","page","type-page","status-publish","has-post-thumbnail","hentry"],"acf":[],"yoast_head":"<!-- This site is optimized with the Yoast SEO plugin v23.9 - https:\/\/yoast.com\/wordpress\/plugins\/seo\/ -->\n<title>Meine Arbeitsweise und Angebot - Christine Bender<\/title>\n<meta name=\"robots\" content=\"index, follow, max-snippet:-1, max-image-preview:large, max-video-preview:-1\" \/>\n<link rel=\"canonical\" href=\"https:\/\/christinebendercoaching.com\/de\/ueber-mich\/meine-arbeitsweise-und-angebot\/\" \/>\n<meta property=\"og:locale\" content=\"de_DE\" \/>\n<meta property=\"og:type\" content=\"article\" \/>\n<meta property=\"og:title\" content=\"Meine Arbeitsweise und Angebot - Christine Bender\" \/>\n<meta property=\"og:description\" content=\"Meine Arbeitsweise &nbsp; Ich stehe f\u00fcr modernes Coaching mit zeitgem\u00e4\u00dfen Methoden und einem besonderen Gesp\u00fcr f\u00fcr neue Anspr\u00fcche an ein Coaching mit h\u00f6chster Kundenorientierung. Coaching bei mir soll herausfordern und gleichzeitig Spa\u00df machen, mit dieser Mischung kommen meine Kunden zum gew\u00fcnschten Ergebnis. Mein Coaching beschreibe ich anders als die meisten, vielleicht auch etwas ungew\u00f6hnlich, denn [&hellip;]\" \/>\n<meta property=\"og:url\" content=\"https:\/\/christinebendercoaching.com\/de\/ueber-mich\/meine-arbeitsweise-und-angebot\/\" \/>\n<meta property=\"og:site_name\" content=\"Christine Bender\" \/>\n<meta property=\"article:modified_time\" content=\"2018-11-01T21:36:25+00:00\" \/>\n<meta property=\"og:image\" content=\"https:\/\/christinebendercoaching.com\/uploads\/2018\/10\/CB_Lamp.jpg\" \/>\n\t<meta property=\"og:image:width\" content=\"395\" \/>\n\t<meta property=\"og:image:height\" content=\"250\" \/>\n\t<meta property=\"og:image:type\" content=\"image\/jpeg\" \/>\n<meta name=\"twitter:card\" content=\"summary_large_image\" \/>\n<meta name=\"twitter:label1\" content=\"Est. reading time\" \/>\n\t<meta name=\"twitter:data1\" content=\"3 minutes\" \/>\n<script type=\"application\/ld+json\" class=\"yoast-schema-graph\">{\"@context\":\"https:\/\/schema.org\",\"@graph\":[{\"@type\":\"WebPage\",\"@id\":\"https:\/\/christinebendercoaching.com\/de\/ueber-mich\/meine-arbeitsweise-und-angebot\/\",\"url\":\"https:\/\/christinebendercoaching.com\/de\/ueber-mich\/meine-arbeitsweise-und-angebot\/\",\"name\":\"Meine Arbeitsweise und Angebot - Christine Bender\",\"isPartOf\":{\"@id\":\"https:\/\/christinebendercoaching.com\/de\/#website\"},\"primaryImageOfPage\":{\"@id\":\"https:\/\/christinebendercoaching.com\/de\/ueber-mich\/meine-arbeitsweise-und-angebot\/#primaryimage\"},\"image\":{\"@id\":\"https:\/\/christinebendercoaching.com\/de\/ueber-mich\/meine-arbeitsweise-und-angebot\/#primaryimage\"},\"thumbnailUrl\":\"https:\/\/christinebendercoaching.com\/uploads\/2018\/10\/CB_Lamp.jpg\",\"datePublished\":\"2018-10-04T10:08:32+00:00\",\"dateModified\":\"2018-11-01T21:36:25+00:00\",\"breadcrumb\":{\"@id\":\"https:\/\/christinebendercoaching.com\/de\/ueber-mich\/meine-arbeitsweise-und-angebot\/#breadcrumb\"},\"inLanguage\":\"de-DE\",\"potentialAction\":[{\"@type\":\"ReadAction\",\"target\":[\"https:\/\/christinebendercoaching.com\/de\/ueber-mich\/meine-arbeitsweise-und-angebot\/\"]}]},{\"@type\":\"ImageObject\",\"inLanguage\":\"de-DE\",\"@id\":\"https:\/\/christinebendercoaching.com\/de\/ueber-mich\/meine-arbeitsweise-und-angebot\/#primaryimage\",\"url\":\"https:\/\/christinebendercoaching.com\/uploads\/2018\/10\/CB_Lamp.jpg\",\"contentUrl\":\"https:\/\/christinebendercoaching.com\/uploads\/2018\/10\/CB_Lamp.jpg\",\"width\":395,\"height\":250},{\"@type\":\"BreadcrumbList\",\"@id\":\"https:\/\/christinebendercoaching.com\/de\/ueber-mich\/meine-arbeitsweise-und-angebot\/#breadcrumb\",\"itemListElement\":[{\"@type\":\"ListItem\",\"position\":1,\"name\":\"Home\",\"item\":\"https:\/\/christinebendercoaching.com\/de\/\"},{\"@type\":\"ListItem\",\"position\":2,\"name\":\"\u00dcber mich\",\"item\":\"https:\/\/christinebendercoaching.com\/de\/ueber-mich\/\"},{\"@type\":\"ListItem\",\"position\":3,\"name\":\"Meine Arbeitsweise und Angebot\"}]},{\"@type\":\"WebSite\",\"@id\":\"https:\/\/christinebendercoaching.com\/de\/#website\",\"url\":\"https:\/\/christinebendercoaching.com\/de\/\",\"name\":\"Christine Bender\",\"description\":\"Coach &amp; Public Speaker\",\"potentialAction\":[{\"@type\":\"SearchAction\",\"target\":{\"@type\":\"EntryPoint\",\"urlTemplate\":\"https:\/\/christinebendercoaching.com\/de\/?s={search_term_string}\"},\"query-input\":{\"@type\":\"PropertyValueSpecification\",\"valueRequired\":true,\"valueName\":\"search_term_string\"}}],\"inLanguage\":\"de-DE\"}]}<\/script>\n<!-- \/ Yoast SEO plugin. -->","yoast_head_json":{"title":"Meine Arbeitsweise und Angebot - Christine Bender","robots":{"index":"index","follow":"follow","max-snippet":"max-snippet:-1","max-image-preview":"max-image-preview:large","max-video-preview":"max-video-preview:-1"},"canonical":"https:\/\/christinebendercoaching.com\/de\/ueber-mich\/meine-arbeitsweise-und-angebot\/","og_locale":"de_DE","og_type":"article","og_title":"Meine Arbeitsweise und Angebot - Christine Bender","og_description":"Meine Arbeitsweise &nbsp; Ich stehe f\u00fcr modernes Coaching mit zeitgem\u00e4\u00dfen Methoden und einem besonderen Gesp\u00fcr f\u00fcr neue Anspr\u00fcche an ein Coaching mit h\u00f6chster Kundenorientierung. Coaching bei mir soll herausfordern und gleichzeitig Spa\u00df machen, mit dieser Mischung kommen meine Kunden zum gew\u00fcnschten Ergebnis. Mein Coaching beschreibe ich anders als die meisten, vielleicht auch etwas ungew\u00f6hnlich, denn [&hellip;]","og_url":"https:\/\/christinebendercoaching.com\/de\/ueber-mich\/meine-arbeitsweise-und-angebot\/","og_site_name":"Christine Bender","article_modified_time":"2018-11-01T21:36:25+00:00","og_image":[{"width":395,"height":250,"url":"https:\/\/christinebendercoaching.com\/uploads\/2018\/10\/CB_Lamp.jpg","type":"image\/jpeg"}],"twitter_card":"summary_large_image","twitter_misc":{"Est. reading time":"3 minutes"},"schema":{"@context":"https:\/\/schema.org","@graph":[{"@type":"WebPage","@id":"https:\/\/christinebendercoaching.com\/de\/ueber-mich\/meine-arbeitsweise-und-angebot\/","url":"https:\/\/christinebendercoaching.com\/de\/ueber-mich\/meine-arbeitsweise-und-angebot\/","name":"Meine Arbeitsweise und Angebot - Christine Bender","isPartOf":{"@id":"https:\/\/christinebendercoaching.com\/de\/#website"},"primaryImageOfPage":{"@id":"https:\/\/christinebendercoaching.com\/de\/ueber-mich\/meine-arbeitsweise-und-angebot\/#primaryimage"},"image":{"@id":"https:\/\/christinebendercoaching.com\/de\/ueber-mich\/meine-arbeitsweise-und-angebot\/#primaryimage"},"thumbnailUrl":"https:\/\/christinebendercoaching.com\/uploads\/2018\/10\/CB_Lamp.jpg","datePublished":"2018-10-04T10:08:32+00:00","dateModified":"2018-11-01T21:36:25+00:00","breadcrumb":{"@id":"https:\/\/christinebendercoaching.com\/de\/ueber-mich\/meine-arbeitsweise-und-angebot\/#breadcrumb"},"inLanguage":"de-DE","potentialAction":[{"@type":"ReadAction","target":["https:\/\/christinebendercoaching.com\/de\/ueber-mich\/meine-arbeitsweise-und-angebot\/"]}]},{"@type":"ImageObject","inLanguage":"de-DE","@id":"https:\/\/christinebendercoaching.com\/de\/ueber-mich\/meine-arbeitsweise-und-angebot\/#primaryimage","url":"https:\/\/christinebendercoaching.com\/uploads\/2018\/10\/CB_Lamp.jpg","contentUrl":"https:\/\/christinebendercoaching.com\/uploads\/2018\/10\/CB_Lamp.jpg","width":395,"height":250},{"@type":"BreadcrumbList","@id":"https:\/\/christinebendercoaching.com\/de\/ueber-mich\/meine-arbeitsweise-und-angebot\/#breadcrumb","itemListElement":[{"@type":"ListItem","position":1,"name":"Home","item":"https:\/\/christinebendercoaching.com\/de\/"},{"@type":"ListItem","position":2,"name":"\u00dcber mich","item":"https:\/\/christinebendercoaching.com\/de\/ueber-mich\/"},{"@type":"ListItem","position":3,"name":"Meine Arbeitsweise und Angebot"}]},{"@type":"WebSite","@id":"https:\/\/christinebendercoaching.com\/de\/#website","url":"https:\/\/christinebendercoaching.com\/de\/","name":"Christine Bender","description":"Coach &amp; Public Speaker","potentialAction":[{"@type":"SearchAction","target":{"@type":"EntryPoint","urlTemplate":"https:\/\/christinebendercoaching.com\/de\/?s={search_term_string}"},"query-input":{"@type":"PropertyValueSpecification","valueRequired":true,"valueName":"search_term_string"}}],"inLanguage":"de-DE"}]}},"_links":{"self":[{"href":"https:\/\/christinebendercoaching.com\/de\/wp-json\/wp\/v2\/pages\/169","targetHints":{"allow":["GET"]}}],"collection":[{"href":"https:\/\/christinebendercoaching.com\/de\/wp-json\/wp\/v2\/pages"}],"about":[{"href":"https:\/\/christinebendercoaching.com\/de\/wp-json\/wp\/v2\/types\/page"}],"author":[{"embeddable":true,"href":"https:\/\/christinebendercoaching.com\/de\/wp-json\/wp\/v2\/users\/1"}],"replies":[{"embeddable":true,"href":"https:\/\/christinebendercoaching.com\/de\/wp-json\/wp\/v2\/comments?post=169"}],"version-history":[{"count":2,"href":"https:\/\/christinebendercoaching.com\/de\/wp-json\/wp\/v2\/pages\/169\/revisions"}],"predecessor-version":[{"id":812,"href":"https:\/\/christinebendercoaching.com\/de\/wp-json\/wp\/v2\/pages\/169\/revisions\/812"}],"up":[{"embeddable":true,"href":"https:\/\/christinebendercoaching.com\/de\/wp-json\/wp\/v2\/pages\/43"}],"wp:featuredmedia":[{"embeddable":true,"href":"https:\/\/christinebendercoaching.com\/de\/wp-json\/wp\/v2\/media\/140"}],"wp:attachment":[{"href":"https:\/\/christinebendercoaching.com\/de\/wp-json\/wp\/v2\/media?parent=169"}],"curies":[{"name":"wp","href":"https:\/\/api.w.org\/{rel}","templated":true}]}}